{"id":2796,"date":"2025-07-19T22:28:48","date_gmt":"2025-07-20T02:28:48","guid":{"rendered":"https:\/\/eyescolorlab.com\/?page_id=2796"},"modified":"2026-01-28T12:11:29","modified_gmt":"2026-01-28T17:11:29","slug":"facility","status":"publish","type":"page","link":"https:\/\/eyescolorlab.com\/es\/facility\/","title":{"rendered":"Facility"},"content":{"rendered":"<div data-elementor-type=\"wp-page\" data-elementor-id=\"2796\" class=\"elementor elementor-2796\" data-elementor-post-type=\"page\">\n\t\t\t\t<div class=\"elementor-element elementor-element-bedeb10 e-flex e-con-boxed e-con e-parent\" data-id=\"bedeb10\" data-element_type=\"container\" data-e-type=\"container\">\n\t\t\t\t\t<div class=\"e-con-inner\">\n\t\t\t\t<div class=\"elementor-element elementor-element-a68a734 elementor-widget elementor-widget-heading\" data-id=\"a68a734\" data-element_type=\"widget\" data-e-type=\"widget\" data-widget_type=\"heading.default\">\n\t\t\t\t\t<style>.elementor-element-a68a734{display:none !important}<\/style>\t\t\t\t<\/div>\n\t\t\t\t<div class=\"elementor-element elementor-element-482e1ca elementor-widget elementor-widget-heading\" data-id=\"482e1ca\" data-element_type=\"widget\" data-e-type=\"widget\" data-widget_type=\"heading.default\">\n\t\t\t\t\t<h2 class=\"elementor-heading-title elementor-size-default\">bienvenido<\/h2>\t\t\t\t<\/div>\n\t\t\t\t\t<\/div>\n\t\t\t\t<\/div>\n\t\t<div class=\"elementor-element elementor-element-c786830 e-flex e-con-boxed e-con e-parent\" data-id=\"c786830\" data-element_type=\"container\" data-e-type=\"container\">\n\t\t\t\t\t<div class=\"e-con-inner\">\n\t\t<div class=\"elementor-element elementor-element-af38421 e-con-full e-flex e-con e-child\" data-id=\"af38421\" data-element_type=\"container\" data-e-type=\"container\">\n\t\t\t\t<div class=\"elementor-element elementor-element-e93d5ed elementor-widget elementor-widget-image\" data-id=\"e93d5ed\" data-element_type=\"widget\" data-e-type=\"widget\" data-widget_type=\"image.default\">\n\t\t\t\t\t\t\t\t\t\t\t\t\t\t\t<img fetchpriority=\"high\" decoding=\"async\" width=\"1019\" height=\"1500\" src=\"https:\/\/eyescolorlab.com\/wp-content\/uploads\/2025\/07\/ecl-facility-01.jpg\" class=\"attachment-1536x1536 size-1536x1536 wp-image-2835\" alt=\"facility\" srcset=\"https:\/\/eyescolorlab.com\/wp-content\/uploads\/2025\/07\/ecl-facility-01.jpg 1019w, https:\/\/eyescolorlab.com\/wp-content\/uploads\/2025\/07\/ecl-facility-01-204x300.jpg 204w, https:\/\/eyescolorlab.com\/wp-content\/uploads\/2025\/07\/ecl-facility-01-696x1024.jpg 696w, https:\/\/eyescolorlab.com\/wp-content\/uploads\/2025\/07\/ecl-facility-01-768x1131.jpg 768w\" sizes=\"(max-width: 1019px) 100vw, 1019px\" \/>\t\t\t\t\t\t\t\t\t\t\t\t\t\t\t<\/div>\n\t\t\t\t<\/div>\n\t\t<div class=\"elementor-element elementor-element-e5fec91 e-con-full e-flex e-con e-child\" data-id=\"e5fec91\" data-element_type=\"container\" data-e-type=\"container\">\n\t\t<div class=\"elementor-element elementor-element-0ab00c0 e-con-full e-flex e-con e-child\" data-id=\"0ab00c0\" data-element_type=\"container\" data-e-type=\"container\">\n\t\t\t\t<div class=\"elementor-element elementor-element-ec61e05 e-transform elementor-widget elementor-widget-heading\" data-id=\"ec61e05\" data-element_type=\"widget\" data-e-type=\"widget\" data-settings=\"{&quot;_transform_translateX_effect&quot;:{&quot;unit&quot;:&quot;px&quot;,&quot;size&quot;:-74,&quot;sizes&quot;:[]},&quot;_transform_translateY_effect&quot;:{&quot;unit&quot;:&quot;px&quot;,&quot;size&quot;:62,&quot;sizes&quot;:[]},&quot;_transform_translateX_effect_mobile&quot;:{&quot;unit&quot;:&quot;px&quot;,&quot;size&quot;:-60,&quot;sizes&quot;:[]},&quot;_transform_translateY_effect_mobile&quot;:{&quot;unit&quot;:&quot;px&quot;,&quot;size&quot;:55,&quot;sizes&quot;:[]},&quot;_transform_translateX_effect_tablet&quot;:{&quot;unit&quot;:&quot;px&quot;,&quot;size&quot;:-74,&quot;sizes&quot;:[]},&quot;_transform_translateX_effect_laptop&quot;:{&quot;unit&quot;:&quot;px&quot;,&quot;size&quot;:&quot;&quot;,&quot;sizes&quot;:[]},&quot;_transform_translateY_effect_laptop&quot;:{&quot;unit&quot;:&quot;px&quot;,&quot;size&quot;:&quot;&quot;,&quot;sizes&quot;:[]},&quot;_transform_translateY_effect_tablet&quot;:{&quot;unit&quot;:&quot;px&quot;,&quot;size&quot;:&quot;&quot;,&quot;sizes&quot;:[]}}\" data-widget_type=\"heading.default\">\n\t\t\t\t\t<h2 class=\"elementor-heading-title elementor-size-default\">nuestro<\/h2>\t\t\t\t<\/div>\n\t\t\t\t<div class=\"elementor-element elementor-element-e3c881d elementor-widget elementor-widget-heading\" data-id=\"e3c881d\" data-element_type=\"widget\" data-e-type=\"widget\" data-widget_type=\"heading.default\">\n\t\t\t\t\t<h2 class=\"elementor-heading-title elementor-size-default\">recinto<\/h2>\t\t\t\t<\/div>\n\t\t\t\t<div class=\"elementor-element elementor-element-538ed13 e-transform elementor-widget elementor-widget-heading\" data-id=\"538ed13\" data-element_type=\"widget\" data-e-type=\"widget\" data-settings=\"{&quot;_transform_translateX_effect&quot;:{&quot;unit&quot;:&quot;px&quot;,&quot;size&quot;:-24,&quot;sizes&quot;:[]},&quot;_transform_translateX_effect_mobile&quot;:{&quot;unit&quot;:&quot;px&quot;,&quot;size&quot;:-20,&quot;sizes&quot;:[]},&quot;_transform_translateY_effect&quot;:{&quot;unit&quot;:&quot;px&quot;,&quot;size&quot;:-31,&quot;sizes&quot;:[]},&quot;_transform_translateY_effect_mobile&quot;:{&quot;unit&quot;:&quot;px&quot;,&quot;size&quot;:-28,&quot;sizes&quot;:[]},&quot;_transform_translateX_effect_laptop&quot;:{&quot;unit&quot;:&quot;px&quot;,&quot;size&quot;:&quot;&quot;,&quot;sizes&quot;:[]},&quot;_transform_translateX_effect_tablet&quot;:{&quot;unit&quot;:&quot;px&quot;,&quot;size&quot;:&quot;&quot;,&quot;sizes&quot;:[]},&quot;_transform_translateY_effect_laptop&quot;:{&quot;unit&quot;:&quot;px&quot;,&quot;size&quot;:&quot;&quot;,&quot;sizes&quot;:[]},&quot;_transform_translateY_effect_tablet&quot;:{&quot;unit&quot;:&quot;px&quot;,&quot;size&quot;:&quot;&quot;,&quot;sizes&quot;:[]}}\" data-widget_type=\"heading.default\">\n\t\t\t\t\t<h2 class=\"elementor-heading-title elementor-size-default\">Donde el lujo se siente como en casa<\/h2>\t\t\t\t<\/div>\n\t\t\t\t<\/div>\n\t\t\t\t<div class=\"elementor-element elementor-element-5eccd20 elementor-widget elementor-widget-image\" data-id=\"5eccd20\" data-element_type=\"widget\" data-e-type=\"widget\" data-widget_type=\"image.default\">\n\t\t\t\t\t\t\t\t\t\t\t\t\t\t\t<img decoding=\"async\" width=\"1000\" height=\"1500\" src=\"https:\/\/eyescolorlab.com\/wp-content\/uploads\/2025\/07\/ecl-facility-02.jpg\" class=\"attachment-1536x1536 size-1536x1536 wp-image-2834\" alt=\"facility\" srcset=\"https:\/\/eyescolorlab.com\/wp-content\/uploads\/2025\/07\/ecl-facility-02.jpg 1000w, https:\/\/eyescolorlab.com\/wp-content\/uploads\/2025\/07\/ecl-facility-02-200x300.jpg 200w, https:\/\/eyescolorlab.com\/wp-content\/uploads\/2025\/07\/ecl-facility-02-683x1024.jpg 683w, https:\/\/eyescolorlab.com\/wp-content\/uploads\/2025\/07\/ecl-facility-02-768x1152.jpg 768w\" sizes=\"(max-width: 1000px) 100vw, 1000px\" \/>\t\t\t\t\t\t\t\t\t\t\t\t\t\t\t<\/div>\n\t\t\t\t<\/div>\n\t\t\t\t\t<\/div>\n\t\t\t\t<\/div>\n\t\t<div class=\"elementor-element elementor-element-7e813fe elementor-hidden-mobile e-flex e-con-boxed e-con e-parent\" data-id=\"7e813fe\" data-element_type=\"container\" data-e-type=\"container\" data-settings=\"{&quot;background_background&quot;:&quot;classic&quot;}\">\n\t\t\t\t\t<div class=\"e-con-inner\">\n\t\t<div class=\"elementor-element elementor-element-2648929 e-con-full e-flex e-con e-child\" data-id=\"2648929\" data-element_type=\"container\" data-e-type=\"container\">\n\t\t\t\t<div class=\"elementor-element elementor-element-ea497f6 e-transform elementor-widget elementor-widget-image\" data-id=\"ea497f6\" data-element_type=\"widget\" data-e-type=\"widget\" data-settings=\"{&quot;_transform_translateY_effect&quot;:{&quot;unit&quot;:&quot;px&quot;,&quot;size&quot;:-353,&quot;sizes&quot;:[]},&quot;_transform_translateY_effect_laptop&quot;:{&quot;unit&quot;:&quot;px&quot;,&quot;size&quot;:-325,&quot;sizes&quot;:[]},&quot;_transform_translateY_effect_tablet&quot;:{&quot;unit&quot;:&quot;px&quot;,&quot;size&quot;:0,&quot;sizes&quot;:[]},&quot;_transform_translateX_effect&quot;:{&quot;unit&quot;:&quot;px&quot;,&quot;size&quot;:&quot;&quot;,&quot;sizes&quot;:[]},&quot;_transform_translateX_effect_laptop&quot;:{&quot;unit&quot;:&quot;px&quot;,&quot;size&quot;:&quot;&quot;,&quot;sizes&quot;:[]},&quot;_transform_translateX_effect_tablet&quot;:{&quot;unit&quot;:&quot;px&quot;,&quot;size&quot;:&quot;&quot;,&quot;sizes&quot;:[]},&quot;_transform_translateX_effect_mobile&quot;:{&quot;unit&quot;:&quot;px&quot;,&quot;size&quot;:&quot;&quot;,&quot;sizes&quot;:[]},&quot;_transform_translateY_effect_mobile&quot;:{&quot;unit&quot;:&quot;px&quot;,&quot;size&quot;:&quot;&quot;,&quot;sizes&quot;:[]}}\" data-widget_type=\"image.default\">\n\t\t\t\t\t\t\t\t\t\t\t\t\t\t\t<img decoding=\"async\" width=\"876\" height=\"1306\" src=\"https:\/\/eyescolorlab.com\/wp-content\/uploads\/2025\/07\/ecl-facility-03.jpg\" class=\"attachment-1536x1536 size-1536x1536 wp-image-2837\" alt=\"facility\" srcset=\"https:\/\/eyescolorlab.com\/wp-content\/uploads\/2025\/07\/ecl-facility-03.jpg 876w, https:\/\/eyescolorlab.com\/wp-content\/uploads\/2025\/07\/ecl-facility-03-201x300.jpg 201w, https:\/\/eyescolorlab.com\/wp-content\/uploads\/2025\/07\/ecl-facility-03-687x1024.jpg 687w, https:\/\/eyescolorlab.com\/wp-content\/uploads\/2025\/07\/ecl-facility-03-768x1145.jpg 768w\" sizes=\"(max-width: 876px) 100vw, 876px\" \/>\t\t\t\t\t\t\t\t\t\t\t\t\t\t\t<\/div>\n\t\t\t\t<\/div>\n\t\t<div class=\"elementor-element elementor-element-ac0444c e-con-full e-flex e-con e-child\" data-id=\"ac0444c\" data-element_type=\"container\" data-e-type=\"container\">\n\t\t\t\t<div class=\"elementor-element elementor-element-5b6af6c elementor-widget elementor-widget-text-editor\" data-id=\"5b6af6c\" data-element_type=\"widget\" data-e-type=\"widget\" data-widget_type=\"text-editor.default\">\n\t\t\t\t\t\t\t\t\t<p>Ad\u00e9ntrese en un espacio donde la elegancia se funde con la comodidad, y la innovaci\u00f3n se integra a la perfecci\u00f3n con el cuidado personal. En nuestra cl\u00ednica, cada detalle, desde el elegante dise\u00f1o arquitect\u00f3nico hasta el ambiente tranquilo, ha sido cuidadosamente seleccionado para ofrecerle una experiencia verdaderamente superior. Creemos que la transformaci\u00f3n debe sentirse empoderante, no cl\u00ednica. Por eso, hemos creado un entorno que se asemeja m\u00e1s a un refugio privado que a un consultorio m\u00e9dico. Aqu\u00ed, no es una cita m\u00e1s, es nuestro invitado. Disfrute de tratamientos de primera clase con la calidez, la comodidad y la atenci\u00f3n que merece. Esto es la belleza reinventada. Aqu\u00ed es donde el lujo se siente como en casa.\u00a0<\/p><p>Esto es m\u00e1s que una simple visita, es una experiencia. Le recibir\u00e1 un equipo c\u00e1lido y atento que entiende que la verdadera transformaci\u00f3n comienza con la confianza. Estamos aqu\u00ed para escuchar sus objetivos, explicarle sus opciones y ofrecerle tratamientos tan avanzados como efectivos. Ya sea que se trate de queratopigmentaci\u00f3n, PRK o correcci\u00f3n de la visi\u00f3n LASIK, puede esperar un nivel de atenci\u00f3n tan refinado como los resultados que ofrecemos.<\/p>\t\t\t\t\t\t\t\t<\/div>\n\t\t\t\t<\/div>\n\t\t\t\t\t<\/div>\n\t\t\t\t<\/div>\n\t\t<div class=\"elementor-element elementor-element-d63b4f3 e-flex e-con-boxed e-con e-parent\" data-id=\"d63b4f3\" data-element_type=\"container\" data-e-type=\"container\" data-settings=\"{&quot;background_background&quot;:&quot;classic&quot;}\">\n\t\t\t\t\t<div class=\"e-con-inner\">\n\t\t<div class=\"elementor-element elementor-element-1a9477e e-con-full e-flex e-con e-child\" data-id=\"1a9477e\" data-element_type=\"container\" data-e-type=\"container\">\n\t\t\t\t<div class=\"elementor-element elementor-element-107c37b elementor-widget elementor-widget-heading\" data-id=\"107c37b\" data-element_type=\"widget\" data-e-type=\"widget\" data-widget_type=\"heading.default\">\n\t\t\t\t\t<h2 class=\"elementor-heading-title elementor-size-default\">Tu santuario de confianza y transformaci\u00f3n.<\/h2>\t\t\t\t<\/div>\n\t\t\t\t<\/div>\n\t\t\t\t\t<\/div>\n\t\t\t\t<\/div>\n\t\t<div class=\"elementor-element elementor-element-2d91fae e-flex e-con-boxed e-con e-parent\" data-id=\"2d91fae\" data-element_type=\"container\" data-e-type=\"container\">\n\t\t\t\t\t<div class=\"e-con-inner\">\n\t\t<div class=\"elementor-element elementor-element-437c135 e-con-full e-flex e-con e-child\" data-id=\"437c135\" data-element_type=\"container\" data-e-type=\"container\">\n\t\t\t\t<div class=\"elementor-element elementor-element-3364b49 elementor-widget elementor-widget-text-editor\" data-id=\"3364b49\" data-element_type=\"widget\" data-e-type=\"widget\" data-widget_type=\"text-editor.default\">\n\t\t\t\t\t\t\t\t\t<p>M\u00e1s que una simple cl\u00ednica, somos tu santuario: un espacio tranquilo y privado donde la medicina de vanguardia se fusiona con la atenci\u00f3n consciente. Aqu\u00ed, la ciencia no intimida, sino que empodera. La innovaci\u00f3n no es fr\u00eda, sino que se ofrece con calidez, coraz\u00f3n y prop\u00f3sito. Desde nuestro ambiente relajante hasta la precisi\u00f3n de cada tratamiento, todo lo que hacemos est\u00e1 dise\u00f1ado para que te sientas atendido, escuchado y realmente atendido.<\/p><p>Nuestro espacio refleja fielmente la experiencia que ofrecemos: limpio, moderno y sofisticado, pero siempre presente. Los tonos suaves, las texturas naturales y el lujo sereno que lo envuelven no son solo opciones est\u00e9ticas, sino que forman parte de una atm\u00f3sfera sanadora dise\u00f1ada para su bienestar. Cada elemento, desde la sala de espera hasta la sala de tratamientos, ha sido cuidadosamente dise\u00f1ado para ayudarle a relajarse, respirar profundamente y sentirse como en casa.<\/p><p>Cada visita con nosotros es m\u00e1s que una simple cita: es un paso significativo hacia la versi\u00f3n de ti mismo que siempre has so\u00f1ado. Ya sea que busques una correcci\u00f3n de la visi\u00f3n que mejore tu vida o un cambio de color de ojos transformador, nuestro equipo de expertos se toma el tiempo para comprender tus objetivos, abordar tus inquietudes y acompa\u00f1arte en todo el proceso. Creemos que el verdadero lujo no se encuentra solo en la apariencia, sino en c\u00f3mo te sientes: seguro, respetado, inspirado y transformado.<\/p><p>En nuestra cl\u00ednica, la atenci\u00f3n contin\u00faa mucho despu\u00e9s del procedimiento. La confianza que adquieres, la claridad que experimentas, la alegr\u00eda que llevas contigo: para eso estamos aqu\u00ed. Bienvenido a un espacio donde la transformaci\u00f3n se siente segura, donde la excelencia se siente personal y donde el lujo se siente como si finalmente hubieras llegado a casa.<\/p>\t\t\t\t\t\t\t\t<\/div>\n\t\t\t\t<\/div>\n\t\t<div class=\"elementor-element elementor-element-06cd3ac e-con-full e-flex e-con e-child\" data-id=\"06cd3ac\" data-element_type=\"container\" data-e-type=\"container\">\n\t\t\t\t<div class=\"elementor-element elementor-element-ea6e498 e-transform elementor-widget elementor-widget-image\" data-id=\"ea6e498\" data-element_type=\"widget\" data-e-type=\"widget\" data-settings=\"{&quot;_transform_translateY_effect&quot;:{&quot;unit&quot;:&quot;px&quot;,&quot;size&quot;:-110,&quot;sizes&quot;:[]},&quot;_transform_translateY_effect_tablet&quot;:{&quot;unit&quot;:&quot;px&quot;,&quot;size&quot;:0,&quot;sizes&quot;:[]},&quot;_transform_translateX_effect&quot;:{&quot;unit&quot;:&quot;px&quot;,&quot;size&quot;:&quot;&quot;,&quot;sizes&quot;:[]},&quot;_transform_translateX_effect_laptop&quot;:{&quot;unit&quot;:&quot;px&quot;,&quot;size&quot;:&quot;&quot;,&quot;sizes&quot;:[]},&quot;_transform_translateX_effect_tablet&quot;:{&quot;unit&quot;:&quot;px&quot;,&quot;size&quot;:&quot;&quot;,&quot;sizes&quot;:[]},&quot;_transform_translateX_effect_mobile&quot;:{&quot;unit&quot;:&quot;px&quot;,&quot;size&quot;:&quot;&quot;,&quot;sizes&quot;:[]},&quot;_transform_translateY_effect_laptop&quot;:{&quot;unit&quot;:&quot;px&quot;,&quot;size&quot;:&quot;&quot;,&quot;sizes&quot;:[]},&quot;_transform_translateY_effect_mobile&quot;:{&quot;unit&quot;:&quot;px&quot;,&quot;size&quot;:&quot;&quot;,&quot;sizes&quot;:[]}}\" data-widget_type=\"image.default\">\n\t\t\t\t\t\t\t\t\t\t\t\t\t\t\t<img loading=\"lazy\" decoding=\"async\" width=\"1003\" height=\"1500\" src=\"https:\/\/eyescolorlab.com\/wp-content\/uploads\/2025\/07\/ecl-facility-04.jpg\" class=\"attachment-1536x1536 size-1536x1536 wp-image-2852\" alt=\"facility\" srcset=\"https:\/\/eyescolorlab.com\/wp-content\/uploads\/2025\/07\/ecl-facility-04.jpg 1003w, https:\/\/eyescolorlab.com\/wp-content\/uploads\/2025\/07\/ecl-facility-04-201x300.jpg 201w, https:\/\/eyescolorlab.com\/wp-content\/uploads\/2025\/07\/ecl-facility-04-685x1024.jpg 685w, https:\/\/eyescolorlab.com\/wp-content\/uploads\/2025\/07\/ecl-facility-04-768x1149.jpg 768w\" sizes=\"(max-width: 1003px) 100vw, 1003px\" \/>\t\t\t\t\t\t\t\t\t\t\t\t\t\t\t<\/div>\n\t\t\t\t<\/div>\n\t\t\t\t\t<\/div>\n\t\t\t\t<\/div>\n\t\t<div class=\"elementor-element elementor-element-7792f7e e-flex e-con-boxed e-con e-parent\" data-id=\"7792f7e\" data-element_type=\"container\" data-e-type=\"container\" data-settings=\"{&quot;background_background&quot;:&quot;classic&quot;}\">\n\t\t\t\t\t<div class=\"e-con-inner\">\n\t\t<div class=\"elementor-element elementor-element-e1e3fa6 e-con-full e-flex e-con e-child\" data-id=\"e1e3fa6\" data-element_type=\"container\" data-e-type=\"container\">\n\t\t\t\t<div class=\"elementor-element elementor-element-f49a58c elementor-widget elementor-widget-heading\" data-id=\"f49a58c\" data-element_type=\"widget\" data-e-type=\"widget\" data-widget_type=\"heading.default\">\n\t\t\t\t\t<h2 class=\"elementor-heading-title elementor-size-default\">\u00a1CONECT\u00c9MONOS!<\/h2>\t\t\t\t<\/div>\n\t\t\t\t<div class=\"elementor-element elementor-element-48afc0b elementor-widget elementor-widget-heading\" data-id=\"48afc0b\" data-element_type=\"widget\" data-e-type=\"widget\" data-widget_type=\"heading.default\">\n\t\t\t\t\t<h2 class=\"elementor-heading-title elementor-size-default\">Mant\u00e9ngase en contacto en las Redes Sociales.<\/h2>\t\t\t\t<\/div>\n\t\t\t\t<div class=\"elementor-element elementor-element-3203551 elementor-widget elementor-widget-text-editor\" data-id=\"3203551\" data-element_type=\"widget\" data-e-type=\"widget\" data-widget_type=\"text-editor.default\">\n\t\t\t\t\t\t\t\t\t<p>Mant\u00e9ngase actualizado con todas nuestras \u00faltimas transformaciones, el antes y despu\u00e9s con testimonios de pacientes reales siguiendo a Eyes Color Lab en plataformas de redes sociales como Instagram, Tik Tok y Facebook.<\/p>\t\t\t\t\t\t\t\t<\/div>\n\t\t\t\t<div class=\"elementor-element elementor-element-e6aedca elementor-icon-list--layout-inline elementor-list-item-link-full_width elementor-widget elementor-widget-icon-list\" data-id=\"e6aedca\" data-element_type=\"widget\" data-e-type=\"widget\" data-settings=\"{&quot;motion_fx_motion_fx_mouse&quot;:&quot;yes&quot;}\" data-widget_type=\"icon-list.default\">\n\t\t\t\t\t\t\t<ul class=\"elementor-icon-list-items elementor-inline-items\">\n\t\t\t\t\t\t\t<li class=\"elementor-icon-list-item elementor-inline-item\">\n\t\t\t\t\t\t\t\t\t\t\t<a href=\"https:\/\/www.instagram.com\/eyescolorlab?igsh=MmQ4NmN3NmZmb3Bu\">\n\n\t\t\t\t\t\t\t\t\t\t\t\t<span class=\"elementor-icon-list-icon\">\n\t\t\t\t\t\t\t<svg aria-hidden=\"true\" class=\"e-font-icon-svg e-fab-instagram\" viewbox=\"0 0 448 512\" xmlns=\"http:\/\/www.w3.org\/2000\/svg\"><path d=\"M224.1 141c-63.6 0-114.9 51.3-114.9 114.9s51.3 114.9 114.9 114.9S339 319.5 339 255.9 287.7 141 224.1 141zm0 189.6c-41.1 0-74.7-33.5-74.7-74.7s33.5-74.7 74.7-74.7 74.7 33.5 74.7 74.7-33.6 74.7-74.7 74.7zm146.4-194.3c0 14.9-12 26.8-26.8 26.8-14.9 0-26.8-12-26.8-26.8s12-26.8 26.8-26.8 26.8 12 26.8 26.8zm76.1 27.2c-1.7-35.9-9.9-67.7-36.2-93.9-26.2-26.2-58-34.4-93.9-36.2-37-2.1-147.9-2.1-184.9 0-35.8 1.7-67.6 9.9-93.9 36.1s-34.4 58-36.2 93.9c-2.1 37-2.1 147.9 0 184.9 1.7 35.9 9.9 67.7 36.2 93.9s58 34.4 93.9 36.2c37 2.1 147.9 2.1 184.9 0 35.9-1.7 67.7-9.9 93.9-36.2 26.2-26.2 34.4-58 36.2-93.9 2.1-37 2.1-147.8 0-184.8zM398.8 388c-7.8 19.6-22.9 34.7-42.6 42.6-29.5 11.7-99.5 9-132.1 9s-102.7 2.6-132.1-9c-19.6-7.8-34.7-22.9-42.6-42.6-11.7-29.5-9-99.5-9-132.1s-2.6-102.7 9-132.1c7.8-19.6 22.9-34.7 42.6-42.6 29.5-11.7 99.5-9 132.1-9s102.7-2.6 132.1 9c19.6 7.8 34.7 22.9 42.6 42.6 11.7 29.5 9 99.5 9 132.1s2.7 102.7-9 132.1z\"><\/path><\/svg>\t\t\t\t\t\t<\/span>\n\t\t\t\t\t\t\t\t\t\t<span class=\"elementor-icon-list-text\"><\/span>\n\t\t\t\t\t\t\t\t\t\t\t<\/a>\n\t\t\t\t\t\t\t\t\t<\/li>\n\t\t\t\t\t\t\t\t<li class=\"elementor-icon-list-item elementor-inline-item\">\n\t\t\t\t\t\t\t\t\t\t\t<a href=\"https:\/\/www.tiktok.com\/@eyescolorlab?_t=ZS-8yW6pCc4hmy&#038;_r=1\">\n\n\t\t\t\t\t\t\t\t\t\t\t\t<span class=\"elementor-icon-list-icon\">\n\t\t\t\t\t\t\t<svg aria-hidden=\"true\" class=\"e-font-icon-svg e-fab-tiktok\" viewbox=\"0 0 448 512\" xmlns=\"http:\/\/www.w3.org\/2000\/svg\"><path d=\"M448,209.91a210.06,210.06,0,0,1-122.77-39.25V349.38A162.55,162.55,0,1,1,185,188.31V278.2a74.62,74.62,0,1,0,52.23,71.18V0l88,0a121.18,121.18,0,0,0,1.86,22.17h0A122.18,122.18,0,0,0,381,102.39a121.43,121.43,0,0,0,67,20.14Z\"><\/path><\/svg>\t\t\t\t\t\t<\/span>\n\t\t\t\t\t\t\t\t\t\t<span class=\"elementor-icon-list-text\"><\/span>\n\t\t\t\t\t\t\t\t\t\t\t<\/a>\n\t\t\t\t\t\t\t\t\t<\/li>\n\t\t\t\t\t\t\t\t<li class=\"elementor-icon-list-item elementor-inline-item\">\n\t\t\t\t\t\t\t\t\t\t\t<a href=\"https:\/\/youtube.com\/@eyescolorlab?si=eYAe2NYPdb-Sx4tU\">\n\n\t\t\t\t\t\t\t\t\t\t\t\t<span class=\"elementor-icon-list-icon\">\n\t\t\t\t\t\t\t<svg aria-hidden=\"true\" class=\"e-font-icon-svg e-fab-youtube\" viewbox=\"0 0 576 512\" xmlns=\"http:\/\/www.w3.org\/2000\/svg\"><path d=\"M549.655 124.083c-6.281-23.65-24.787-42.276-48.284-48.597C458.781 64 288 64 288 64S117.22 64 74.629 75.486c-23.497 6.322-42.003 24.947-48.284 48.597-11.412 42.867-11.412 132.305-11.412 132.305s0 89.438 11.412 132.305c6.281 23.65 24.787 41.5 48.284 47.821C117.22 448 288 448 288 448s170.78 0 213.371-11.486c23.497-6.321 42.003-24.171 48.284-47.821 11.412-42.867 11.412-132.305 11.412-132.305s0-89.438-11.412-132.305zm-317.51 213.508V175.185l142.739 81.205-142.739 81.201z\"><\/path><\/svg>\t\t\t\t\t\t<\/span>\n\t\t\t\t\t\t\t\t\t\t<span class=\"elementor-icon-list-text\"><\/span>\n\t\t\t\t\t\t\t\t\t\t\t<\/a>\n\t\t\t\t\t\t\t\t\t<\/li>\n\t\t\t\t\t\t\t\t<li class=\"elementor-icon-list-item elementor-inline-item\">\n\t\t\t\t\t\t\t\t\t\t\t<a href=\"https:\/\/www.facebook.com\/Eyescolorlab\">\n\n\t\t\t\t\t\t\t\t\t\t\t\t<span class=\"elementor-icon-list-icon\">\n\t\t\t\t\t\t\t<svg aria-hidden=\"true\" class=\"e-font-icon-svg e-fab-facebook\" viewbox=\"0 0 512 512\" xmlns=\"http:\/\/www.w3.org\/2000\/svg\"><path d=\"M504 256C504 119 393 8 256 8S8 119 8 256c0 123.78 90.69 226.38 209.25 245V327.69h-63V256h63v-54.64c0-62.15 37-96.48 93.67-96.48 27.14 0 55.52 4.84 55.52 4.84v61h-31.28c-30.8 0-40.41 19.12-40.41 38.73V256h68.78l-11 71.69h-57.78V501C413.31 482.38 504 379.78 504 256z\"><\/path><\/svg>\t\t\t\t\t\t<\/span>\n\t\t\t\t\t\t\t\t\t\t<span class=\"elementor-icon-list-text\"><\/span>\n\t\t\t\t\t\t\t\t\t\t\t<\/a>\n\t\t\t\t\t\t\t\t\t<\/li>\n\t\t\t\t\t\t<\/ul>\n\t\t\t\t\t\t<\/div>\n\t\t\t\t<\/div>\n\t\t\t\t<div class=\"elementor-element elementor-element-6b6f4aa elementor-align-center elementor-widget elementor-widget-button\" data-id=\"6b6f4aa\" data-element_type=\"widget\" data-e-type=\"widget\" data-widget_type=\"button.default\">\n\t\t\t\t\t\t\t\t\t\t<a class=\"elementor-button elementor-button-link elementor-size-sm\" href=\"#elementor-action%3Aaction%3Dpopup%3Aopen%26settings%3DeyJpZCI6IjE1NyIsInRvZ2dsZSI6ZmFsc2V9\">\n\t\t\t\t\t\t<span class=\"elementor-button-content-wrapper\">\n\t\t\t\t\t\t\t\t\t<span class=\"elementor-button-text\">\u00a1Agendar evaluaci\u00f3n!<\/span>\n\t\t\t\t\t<\/span>\n\t\t\t\t\t<\/a>\n\t\t\t\t\t\t\t\t<\/div>\n\t\t\t\t\t<\/div>\n\t\t\t\t<\/div>\n\t\t\t\t<\/div>","protected":false},"excerpt":{"rendered":"<p>welcome our facility Where Luxury Feels Like Home our facility Where Luxury Feels Like Home Step into a space where elegance meets comfort, and innovation blends seamlessly with personal care. At our clinic, every detail, from the sleek architectural design to the tranquil ambiance, has been thoughtfully curated to offer you a truly elevated experience. [&hellip;]<\/p>\n","protected":false},"author":4,"featured_media":0,"parent":0,"menu_order":0,"comment_status":"closed","ping_status":"closed","template":"","meta":{"om_disable_all_campaigns":false,"_monsterinsights_skip_tracking":false,"_monsterinsights_sitenote_active":false,"_monsterinsights_sitenote_note":"","_monsterinsights_sitenote_category":0,"footnotes":""},"class_list":["post-2796","page","type-page","status-publish","hentry"],"aioseo_notices":[],"_links":{"self":[{"href":"https:\/\/eyescolorlab.com\/es\/wp-json\/wp\/v2\/pages\/2796","targetHints":{"allow":["GET"]}}],"collection":[{"href":"https:\/\/eyescolorlab.com\/es\/wp-json\/wp\/v2\/pages"}],"about":[{"href":"https:\/\/eyescolorlab.com\/es\/wp-json\/wp\/v2\/types\/page"}],"author":[{"embeddable":true,"href":"https:\/\/eyescolorlab.com\/es\/wp-json\/wp\/v2\/users\/4"}],"replies":[{"embeddable":true,"href":"https:\/\/eyescolorlab.com\/es\/wp-json\/wp\/v2\/comments?post=2796"}],"version-history":[{"count":269,"href":"https:\/\/eyescolorlab.com\/es\/wp-json\/wp\/v2\/pages\/2796\/revisions"}],"predecessor-version":[{"id":6156,"href":"https:\/\/eyescolorlab.com\/es\/wp-json\/wp\/v2\/pages\/2796\/revisions\/6156"}],"wp:attachment":[{"href":"https:\/\/eyescolorlab.com\/es\/wp-json\/wp\/v2\/media?parent=2796"}],"curies":[{"name":"wp","href":"https:\/\/api.w.org\/{rel}","templated":true}]}}